{"id":1669,"date":"2023-09-07T14:43:40","date_gmt":"2023-09-07T17:43:40","guid":{"rendered":"https:\/\/bms.siteup.dev\/?page_id=1669"},"modified":"2023-09-25T12:42:18","modified_gmt":"2023-09-25T15:42:18","slug":"politica-de-cookies","status":"publish","type":"page","link":"https:\/\/bms2.siteup.dev\/en\/politica-de-cookies\/","title":{"rendered":"Cookies Policy"},"content":{"rendered":"<div data-elementor-type=\"wp-page\" data-elementor-id=\"1669\" class=\"elementor elementor-1669\" data-elementor-post-type=\"page\">\n\t\t\t\t\t\t\t<div class=\"elementor-element elementor-element-4555609 e-flex e-con-boxed e-con e-parent\" data-id=\"4555609\" data-element_type=\"container\" data-settings=\"{&quot;container_type&quot;:&quot;flex&quot;,&quot;content_width&quot;:&quot;boxed&quot;}\" data-core-v316-plus=\"true\">\n\t\t\t\t\t<div class=\"e-con-inner\">\n\t\t\t\t<div class=\"elementor-element elementor-element-133fca3 elementor-widget elementor-widget-heading\" data-id=\"133fca3\" data-element_type=\"widget\" data-widget_type=\"heading.default\">\n\t\t\t\t<div class=\"elementor-widget-container\">\n\t\t\t<h1 class=\"elementor-heading-title elementor-size-default\">Cookies Policy<\/h1>\t\t<\/div>\n\t\t\t\t<\/div>\n\t\t\t\t<div class=\"elementor-element elementor-element-247e654 elementor-widget elementor-widget-text-editor\" data-id=\"247e654\" data-element_type=\"widget\" data-widget_type=\"text-editor.default\">\n\t\t\t\t<div class=\"elementor-widget-container\">\n\t\t\t<style>.elementor-element-247e654{display:none !important}<\/style>\t\t<\/div>\n\t\t\t\t<\/div>\n\t\t\t\t<div class=\"elementor-element elementor-element-3a6a3c7 elementor-widget elementor-widget-text-editor\" data-id=\"3a6a3c7\" data-element_type=\"widget\" data-widget_type=\"text-editor.default\">\n\t\t\t\t<div class=\"elementor-widget-container\">\n\t\t\t\t\t\t\t<p>COOKIE NOTICE<\/p><p>With the advance of technology, mechanisms are constantly being created so that you can enjoy your surfing on the net in the best way possible. Thus, when you access a website, small files are downloaded to your computer, so that your actions and preferences are memorised and that the next accesses are more personalised according to your habits.<\/p><p>We will explain below what information is collected, how we use cookies, the importance of keeping them enabled and the commands you should adopt if you choose to change or disable them on your computer.<\/p><p>WHAT INFORMATION IS STORED AND HOW DO WE USE COOKIES?<\/p><p>When you access our website, in order to use some of the options offered by the page, for example, for directing messages to the commercial area, human resources area or general affairs area, the customer access area with login and password, personal or user data is collected by the tool &#8220;cookies&#8221; with the aim that future access will be personalised according to your choices.<\/p><p>Generally these cookies are deleted when you leave the site, but in some cases they may remain to remember your preferences when you are logged off.<\/p><p>This way, whenever you are logged in, such data will be remembered, avoiding the need to login again or to insert information of specific registrations or notifications, valid only for registered or non registered users, already mentioned in some previous access.<\/p><p>THIRD-PARTY COOKIES<\/p><p>In very special cases, we may also use cookies provided by trusted third parties. These are third-party cookies that can be found on this website:<\/p><p>Google Analytics &#8211; one of the most widespread and trusted analytics solutions on the web to help understand how you use the site and how we can improve it. They can monitor how much time you spend on the site and the pages visited, helping us to make the content produced more attractive and to make improvements by identifying the greatest needs of our users, enabling their experience of access to our page to be of great quality.<\/p><p>Google AdSense &#8211; is a type of ad serving service that uses a DoubleClick cookie to serve relevant ads and limit the number of times a given ad is shown to you. For more information, see the Google AdSense Privacy FAQ.<\/p><p>WHAT ARE THE CONSEQUENCES OF DISABLING COOKIES?<\/p><p>In most cases, unfortunately, there is no way to disable cookies without completely compromising with the functionality and features, already mentioned, that they add to the site. We recommend that you keep all cookies if you are unsure whether or not you need them to provide a service that you use.<\/p><p>I WANT TO CHANGE OR DELETE COOKIES, WHAT SHOULD I DO?<\/p><p>You can change the defaults by adjusting the settings. To do this, simply consult the &#8220;Help&#8221; menu of your browser.<\/p><p>You are also allowed to delete all cookies already installed on your computer or mobile device, and even activate an option available in most browsers that prevents their installation. However, we advise you to reflect on whether this is really what you want, because by changing the configuration, you may compromise or disable certain services and functionalities of this site or many others that you visit and, consequently, you will have to manually configure some preferences every time you access a webpage.<\/p><p>Therefore, we recommend that you do not disable this option.<\/p><p>See also our\u00a0<strong><a href=\"https:\/\/www.controllerbms.com.br\/politica-de-privacidade\/\">Privacy Policy<\/a><\/strong>.<\/p>\t\t\t\t\t\t<\/div>\n\t\t\t\t<\/div>\n\t\t\t\t<div class=\"elementor-element elementor-element-b07dfdc elementor-widget elementor-widget-text-editor\" data-id=\"b07dfdc\" data-element_type=\"widget\" data-widget_type=\"text-editor.default\">\n\t\t\t\t<div class=\"elementor-widget-container\">\n\t\t\t\t\t\t\t\t\t\t\t\t\t<\/div>\n\t\t\t\t<\/div>\n\t\t\t\t\t<\/div>\n\t\t\t\t<\/div>\n\t\t\t\t\t\t\t<\/div>","protected":false},"excerpt":{"rendered":"<p>Pol\u00edtica de Cookies AVISO SOBRE COOKIESCom o avan\u00e7o da tecnologia, constantemente criam-se mecanismos para que voc\u00ea usufrua da melhor maneira a sua navega\u00e7\u00e3o na rede. Assim, quando voc\u00ea acessa um website, pequenos arquivos s\u00e3o baixados em seu computador, fazendo com que suas a\u00e7\u00f5es e prefer\u00eancias sejam memorizadas e que os pr\u00f3ximos acessos estejam mais personalizados [&hellip;]<\/p>","protected":false},"author":20,"featured_media":0,"parent":0,"menu_order":6,"comment_status":"closed","ping_status":"closed","template":"","meta":{"footnotes":""},"yoast_head":"<!-- This site is optimized with the Yoast SEO plugin v21.2 - https:\/\/yoast.com\/wordpress\/plugins\/seo\/ -->\n<title>Pol\u00edtica de Cookies | Controller BMS<\/title>\n<meta name=\"robots\" content=\"noindex, follow, max-snippet:-1, max-image-preview:large, max-video-preview:-1\" \/>\n<meta property=\"og:locale\" content=\"en_US\" \/>\n<meta property=\"og:type\" content=\"article\" \/>\n<meta property=\"og:title\" content=\"Pol\u00edtica de Cookies | Controller BMS\" \/>\n<meta property=\"og:description\" content=\"Pol\u00edtica de Cookies AVISO SOBRE COOKIESCom o avan\u00e7o da tecnologia, constantemente criam-se mecanismos para que voc\u00ea usufrua da melhor maneira a sua navega\u00e7\u00e3o na rede. Assim, quando voc\u00ea acessa um website, pequenos arquivos s\u00e3o baixados em seu computador, fazendo com que suas a\u00e7\u00f5es e prefer\u00eancias sejam memorizadas e que os pr\u00f3ximos acessos estejam mais personalizados [&hellip;]\" \/>\n<meta property=\"og:url\" content=\"https:\/\/bms2.siteup.dev\/en\/politica-de-cookies\/\" \/>\n<meta property=\"og:site_name\" content=\"Controller BMS\" \/>\n<meta property=\"article:modified_time\" content=\"2023-09-25T15:42:18+00:00\" \/>\n<meta property=\"og:image\" content=\"https:\/\/bms2.siteup.dev\/wp-content\/uploads\/2023\/09\/automacao-predial-seo.webp\" \/>\n\t<meta property=\"og:image:width\" content=\"691\" \/>\n\t<meta property=\"og:image:height\" content=\"648\" \/>\n\t<meta property=\"og:image:type\" content=\"image\/webp\" \/>\n<meta name=\"twitter:card\" content=\"summary_large_image\" \/>\n<meta name=\"twitter:label1\" content=\"Est. reading time\" \/>\n\t<meta name=\"twitter:data1\" content=\"7 minutes\" \/>\n<script type=\"application\/ld+json\" class=\"yoast-schema-graph\">{\"@context\":\"https:\/\/schema.org\",\"@graph\":[{\"@type\":\"WebPage\",\"@id\":\"https:\/\/bms2.siteup.dev\/politica-de-cookies\/\",\"url\":\"https:\/\/bms2.siteup.dev\/politica-de-cookies\/\",\"name\":\"Pol\u00edtica de Cookies | Controller BMS\",\"isPartOf\":{\"@id\":\"https:\/\/bms2.siteup.dev\/#website\"},\"datePublished\":\"2023-09-07T17:43:40+00:00\",\"dateModified\":\"2023-09-25T15:42:18+00:00\",\"inLanguage\":\"en-US\",\"potentialAction\":[{\"@type\":\"ReadAction\",\"target\":[\"https:\/\/bms2.siteup.dev\/politica-de-cookies\/\"]}]},{\"@type\":\"WebSite\",\"@id\":\"https:\/\/bms2.siteup.dev\/#website\",\"url\":\"https:\/\/bms2.siteup.dev\/\",\"name\":\"Controller BMS\",\"description\":\"Automa\u00e7\u00e3o predial\",\"publisher\":{\"@id\":\"https:\/\/bms2.siteup.dev\/#organization\"},\"alternateName\":\"BMS\",\"potentialAction\":[{\"@type\":\"SearchAction\",\"target\":{\"@type\":\"EntryPoint\",\"urlTemplate\":\"https:\/\/bms2.siteup.dev\/?s={search_term_string}\"},\"query-input\":\"required name=search_term_string\"}],\"inLanguage\":\"en-US\"},{\"@type\":\"Organization\",\"@id\":\"https:\/\/bms2.siteup.dev\/#organization\",\"name\":\"Controller BMS\",\"url\":\"https:\/\/bms2.siteup.dev\/\",\"logo\":{\"@type\":\"ImageObject\",\"inLanguage\":\"en-US\",\"@id\":\"https:\/\/bms2.siteup.dev\/#\/schema\/logo\/image\/\",\"url\":\"https:\/\/bms2.siteup.dev\/wp-content\/uploads\/2018\/09\/controller-bms-logo.svg\",\"contentUrl\":\"https:\/\/bms2.siteup.dev\/wp-content\/uploads\/2018\/09\/controller-bms-logo.svg\",\"width\":203,\"height\":44,\"caption\":\"Controller BMS\"},\"image\":{\"@id\":\"https:\/\/bms2.siteup.dev\/#\/schema\/logo\/image\/\"}}]}<\/script>\n<!-- \/ Yoast SEO plugin. -->","yoast_head_json":{"title":"Pol\u00edtica de Cookies | Controller BMS","robots":{"index":"noindex","follow":"follow","max-snippet":"max-snippet:-1","max-image-preview":"max-image-preview:large","max-video-preview":"max-video-preview:-1"},"og_locale":"en_US","og_type":"article","og_title":"Pol\u00edtica de Cookies | Controller BMS","og_description":"Pol\u00edtica de Cookies AVISO SOBRE COOKIESCom o avan\u00e7o da tecnologia, constantemente criam-se mecanismos para que voc\u00ea usufrua da melhor maneira a sua navega\u00e7\u00e3o na rede. Assim, quando voc\u00ea acessa um website, pequenos arquivos s\u00e3o baixados em seu computador, fazendo com que suas a\u00e7\u00f5es e prefer\u00eancias sejam memorizadas e que os pr\u00f3ximos acessos estejam mais personalizados [&hellip;]","og_url":"https:\/\/bms2.siteup.dev\/en\/politica-de-cookies\/","og_site_name":"Controller BMS","article_modified_time":"2023-09-25T15:42:18+00:00","og_image":[{"width":691,"height":648,"url":"https:\/\/bms2.siteup.dev\/wp-content\/uploads\/2023\/09\/automacao-predial-seo.webp","type":"image\/webp"}],"twitter_card":"summary_large_image","twitter_misc":{"Est. reading time":"7 minutes"},"schema":{"@context":"https:\/\/schema.org","@graph":[{"@type":"WebPage","@id":"https:\/\/bms2.siteup.dev\/politica-de-cookies\/","url":"https:\/\/bms2.siteup.dev\/politica-de-cookies\/","name":"Pol\u00edtica de Cookies | Controller BMS","isPartOf":{"@id":"https:\/\/bms2.siteup.dev\/#website"},"datePublished":"2023-09-07T17:43:40+00:00","dateModified":"2023-09-25T15:42:18+00:00","inLanguage":"en-US","potentialAction":[{"@type":"ReadAction","target":["https:\/\/bms2.siteup.dev\/politica-de-cookies\/"]}]},{"@type":"WebSite","@id":"https:\/\/bms2.siteup.dev\/#website","url":"https:\/\/bms2.siteup.dev\/","name":"Controller BMS","description":"Automa\u00e7\u00e3o predial","publisher":{"@id":"https:\/\/bms2.siteup.dev\/#organization"},"alternateName":"BMS","potentialAction":[{"@type":"SearchAction","target":{"@type":"EntryPoint","urlTemplate":"https:\/\/bms2.siteup.dev\/?s={search_term_string}"},"query-input":"required name=search_term_string"}],"inLanguage":"en-US"},{"@type":"Organization","@id":"https:\/\/bms2.siteup.dev\/#organization","name":"Controller BMS","url":"https:\/\/bms2.siteup.dev\/","logo":{"@type":"ImageObject","inLanguage":"en-US","@id":"https:\/\/bms2.siteup.dev\/#\/schema\/logo\/image\/","url":"https:\/\/bms2.siteup.dev\/wp-content\/uploads\/2018\/09\/controller-bms-logo.svg","contentUrl":"https:\/\/bms2.siteup.dev\/wp-content\/uploads\/2018\/09\/controller-bms-logo.svg","width":203,"height":44,"caption":"Controller BMS"},"image":{"@id":"https:\/\/bms2.siteup.dev\/#\/schema\/logo\/image\/"}}]}},"_links":{"self":[{"href":"https:\/\/bms2.siteup.dev\/en\/wp-json\/wp\/v2\/pages\/1669"}],"collection":[{"href":"https:\/\/bms2.siteup.dev\/en\/wp-json\/wp\/v2\/pages"}],"about":[{"href":"https:\/\/bms2.siteup.dev\/en\/wp-json\/wp\/v2\/types\/page"}],"author":[{"embeddable":true,"href":"https:\/\/bms2.siteup.dev\/en\/wp-json\/wp\/v2\/users\/20"}],"replies":[{"embeddable":true,"href":"https:\/\/bms2.siteup.dev\/en\/wp-json\/wp\/v2\/comments?post=1669"}],"version-history":[{"count":37,"href":"https:\/\/bms2.siteup.dev\/en\/wp-json\/wp\/v2\/pages\/1669\/revisions"}],"predecessor-version":[{"id":2682,"href":"https:\/\/bms2.siteup.dev\/en\/wp-json\/wp\/v2\/pages\/1669\/revisions\/2682"}],"wp:attachment":[{"href":"https:\/\/bms2.siteup.dev\/en\/wp-json\/wp\/v2\/media?parent=1669"}],"curies":[{"name":"wp","href":"https:\/\/api.w.org\/{rel}","templated":true}]}}